{"id":112,"date":"2023-01-26T17:10:23","date_gmt":"2023-01-26T16:10:23","guid":{"rendered":"https:\/\/surgis-fruits-legumes-produits-locaux-vernouillet.fr\/accueil\/?page_id=112"},"modified":"2025-09-12T17:27:28","modified_gmt":"2025-09-12T16:27:28","slug":"vente-sur-place-lete","status":"publish","type":"page","link":"https:\/\/surgis-fruits-legumes-produits-locaux-vernouillet.fr\/accueil\/vente-sur-place-lete\/","title":{"rendered":"Vente sur place !"},"content":{"rendered":"\n<p class=\"has-text-align-center has-medium-font-size\"><br>Retrouvez nous l&rsquo;\u00e9t\u00e9 prochain<br>sur la route de  Vernouillet \u00e0 Marsinval, pr\u00e8s des serres.<\/p>\n\n\n\n<figure class=\"wp-block-image size-large\"><a href=\"https:\/\/surgis-fruits-legumes-produits-locaux-vernouillet.fr\/wp-content\/uploads\/2023\/01\/vente-sur-place-vernouillet-verneuil-1.jpg\"><img loading=\"lazy\" width=\"1024\" height=\"787\" src=\"https:\/\/surgis-fruits-legumes-produits-locaux-vernouillet.fr\/wp-content\/uploads\/2023\/01\/vente-sur-place-vernouillet-verneuil-1-1024x787.jpg\" alt=\"\" class=\"wp-image-116\" srcset=\"https:\/\/surgis-fruits-legumes-produits-locaux-vernouillet.fr\/wp-content\/uploads\/2023\/01\/vente-sur-place-vernouillet-verneuil-1-1024x787.jpg 1024w, https:\/\/surgis-fruits-legumes-produits-locaux-vernouillet.fr\/wp-content\/uploads\/2023\/01\/vente-sur-place-vernouillet-verneuil-1-300x230.jpg 300w, https:\/\/surgis-fruits-legumes-produits-locaux-vernouillet.fr\/wp-content\/uploads\/2023\/01\/vente-sur-place-vernouillet-verneuil-1-768x590.jpg 768w, https:\/\/surgis-fruits-legumes-produits-locaux-vernouillet.fr\/wp-content\/uploads\/2023\/01\/vente-sur-place-vernouillet-verneuil-1-624x479.jpg 624w, https:\/\/surgis-fruits-legumes-produits-locaux-vernouillet.fr\/wp-content\/uploads\/2023\/01\/vente-sur-place-vernouillet-verneuil-1.jpg 1040w\" sizes=\"(max-width: 1024px) 100vw, 1024px\" \/><\/a><\/figure>\n\n\n\n<figure class=\"wp-block-image size-large\"><a href=\"https:\/\/surgis-fruits-legumes-produits-locaux-vernouillet.fr\/wp-content\/uploads\/2023\/01\/DSC_1013-scaled.jpg\"><img loading=\"lazy\" width=\"685\" height=\"1024\" src=\"https:\/\/surgis-fruits-legumes-produits-locaux-vernouillet.fr\/wp-content\/uploads\/2023\/01\/DSC_1013-685x1024.jpg\" alt=\"\" class=\"wp-image-115\" srcset=\"https:\/\/surgis-fruits-legumes-produits-locaux-vernouillet.fr\/wp-content\/uploads\/2023\/01\/DSC_1013-685x1024.jpg 685w, https:\/\/surgis-fruits-legumes-produits-locaux-vernouillet.fr\/wp-content\/uploads\/2023\/01\/DSC_1013-201x300.jpg 201w, https:\/\/surgis-fruits-legumes-produits-locaux-vernouillet.fr\/wp-content\/uploads\/2023\/01\/DSC_1013-768x1147.jpg 768w, https:\/\/surgis-fruits-legumes-produits-locaux-vernouillet.fr\/wp-content\/uploads\/2023\/01\/DSC_1013-1028x1536.jpg 1028w, https:\/\/surgis-fruits-legumes-produits-locaux-vernouillet.fr\/wp-content\/uploads\/2023\/01\/DSC_1013-1371x2048.jpg 1371w, https:\/\/surgis-fruits-legumes-produits-locaux-vernouillet.fr\/wp-content\/uploads\/2023\/01\/DSC_1013-624x932.jpg 624w, https:\/\/surgis-fruits-legumes-produits-locaux-vernouillet.fr\/wp-content\/uploads\/2023\/01\/DSC_1013-scaled.jpg 1714w\" sizes=\"(max-width: 685px) 100vw, 685px\" \/><\/a><\/figure>\n\n\n\n<figure class=\"wp-block-image size-large\"><a href=\"https:\/\/surgis-fruits-legumes-produits-locaux-vernouillet.fr\/wp-content\/uploads\/2023\/01\/DSC_1018-scaled.jpg\"><img loading=\"lazy\" width=\"1024\" height=\"685\" src=\"https:\/\/surgis-fruits-legumes-produits-locaux-vernouillet.fr\/wp-content\/uploads\/2023\/01\/DSC_1018-1024x685.jpg\" alt=\"\" class=\"wp-image-114\" srcset=\"https:\/\/surgis-fruits-legumes-produits-locaux-vernouillet.fr\/wp-content\/uploads\/2023\/01\/DSC_1018-1024x685.jpg 1024w, https:\/\/surgis-fruits-legumes-produits-locaux-vernouillet.fr\/wp-content\/uploads\/2023\/01\/DSC_1018-300x201.jpg 300w, https:\/\/surgis-fruits-legumes-produits-locaux-vernouillet.fr\/wp-content\/uploads\/2023\/01\/DSC_1018-768x514.jpg 768w, https:\/\/surgis-fruits-legumes-produits-locaux-vernouillet.fr\/wp-content\/uploads\/2023\/01\/DSC_1018-1536x1028.jpg 1536w, https:\/\/surgis-fruits-legumes-produits-locaux-vernouillet.fr\/wp-content\/uploads\/2023\/01\/DSC_1018-2048x1371.jpg 2048w, https:\/\/surgis-fruits-legumes-produits-locaux-vernouillet.fr\/wp-content\/uploads\/2023\/01\/DSC_1018-624x418.jpg 624w\" sizes=\"(max-width: 1024px) 100vw, 1024px\" \/><\/a><\/figure>\n","protected":false},"excerpt":{"rendered":"<p>Retrouvez nous l&rsquo;\u00e9t\u00e9 prochainsur la route de Vernouillet \u00e0 Marsinval, pr\u00e8s des serres.<\/p>\n","protected":false},"author":1,"featured_media":0,"parent":0,"menu_order":0,"comment_status":"closed","ping_status":"closed","template":"","meta":[],"yoast_head":"<!-- This site is optimized with the Yoast SEO plugin v19.7.1 - https:\/\/yoast.com\/wordpress\/plugins\/seo\/ -->\n<title>Vente sur place ! - Famille SURGIS - Fruits et L\u00e9gumes<\/title>\n<meta name=\"robots\" content=\"index, follow, max-snippet:-1, max-image-preview:large, max-video-preview:-1\" \/>\n<link rel=\"canonical\" href=\"https:\/\/surgis-fruits-legumes-produits-locaux-vernouillet.fr\/accueil\/vente-sur-place-lete\/\" \/>\n<meta property=\"og:locale\" content=\"fr_FR\" \/>\n<meta property=\"og:type\" content=\"article\" \/>\n<meta property=\"og:title\" content=\"Vente sur place ! - Famille SURGIS - Fruits et L\u00e9gumes\" \/>\n<meta property=\"og:description\" content=\"Retrouvez nous l&rsquo;\u00e9t\u00e9 prochainsur la route de Vernouillet \u00e0 Marsinval, pr\u00e8s des serres.\" \/>\n<meta property=\"og:url\" content=\"https:\/\/surgis-fruits-legumes-produits-locaux-vernouillet.fr\/accueil\/vente-sur-place-lete\/\" \/>\n<meta property=\"og:site_name\" content=\"Famille SURGIS - Fruits et L\u00e9gumes\" \/>\n<meta property=\"article:modified_time\" content=\"2025-09-12T16:27:28+00:00\" \/>\n<meta property=\"og:image\" content=\"https:\/\/surgis-fruits-legumes-produits-locaux-vernouillet.fr\/wp-content\/uploads\/2023\/01\/vente-sur-place-vernouillet-verneuil-1-1024x787.jpg\" \/>\n<meta name=\"twitter:label1\" content=\"Dur\u00e9e de lecture estim\u00e9e\" \/>\n\t<meta name=\"twitter:data1\" content=\"1 minute\" \/>\n<script type=\"application\/ld+json\" class=\"yoast-schema-graph\">{\"@context\":\"https:\/\/schema.org\",\"@graph\":[{\"@type\":\"WebPage\",\"@id\":\"https:\/\/surgis-fruits-legumes-produits-locaux-vernouillet.fr\/accueil\/vente-sur-place-lete\/\",\"url\":\"https:\/\/surgis-fruits-legumes-produits-locaux-vernouillet.fr\/accueil\/vente-sur-place-lete\/\",\"name\":\"Vente sur place ! - Famille SURGIS - Fruits et L\u00e9gumes\",\"isPartOf\":{\"@id\":\"https:\/\/surgis-fruits-legumes-produits-locaux-vernouillet.fr\/accueil\/#website\"},\"datePublished\":\"2023-01-26T16:10:23+00:00\",\"dateModified\":\"2025-09-12T16:27:28+00:00\",\"breadcrumb\":{\"@id\":\"https:\/\/surgis-fruits-legumes-produits-locaux-vernouillet.fr\/accueil\/vente-sur-place-lete\/#breadcrumb\"},\"inLanguage\":\"fr-FR\",\"potentialAction\":[{\"@type\":\"ReadAction\",\"target\":[\"https:\/\/surgis-fruits-legumes-produits-locaux-vernouillet.fr\/accueil\/vente-sur-place-lete\/\"]}]},{\"@type\":\"BreadcrumbList\",\"@id\":\"https:\/\/surgis-fruits-legumes-produits-locaux-vernouillet.fr\/accueil\/vente-sur-place-lete\/#breadcrumb\",\"itemListElement\":[{\"@type\":\"ListItem\",\"position\":1,\"name\":\"Accueil\",\"item\":\"https:\/\/surgis-fruits-legumes-produits-locaux-vernouillet.fr\/accueil\/\"},{\"@type\":\"ListItem\",\"position\":2,\"name\":\"Vente sur place !\"}]},{\"@type\":\"WebSite\",\"@id\":\"https:\/\/surgis-fruits-legumes-produits-locaux-vernouillet.fr\/accueil\/#website\",\"url\":\"https:\/\/surgis-fruits-legumes-produits-locaux-vernouillet.fr\/accueil\/\",\"name\":\"Famille SURGIS - Fruits et L\u00e9gumes\",\"description\":\"Retrouvez-nous sur les march\u00e9s de Verneuil et Vernouillet\",\"potentialAction\":[{\"@type\":\"SearchAction\",\"target\":{\"@type\":\"EntryPoint\",\"urlTemplate\":\"https:\/\/surgis-fruits-legumes-produits-locaux-vernouillet.fr\/accueil\/?s={search_term_string}\"},\"query-input\":\"required name=search_term_string\"}],\"inLanguage\":\"fr-FR\"}]}<\/script>\n<!-- \/ Yoast SEO plugin. -->","yoast_head_json":{"title":"Vente sur place ! - Famille SURGIS - Fruits et L\u00e9gumes","robots":{"index":"index","follow":"follow","max-snippet":"max-snippet:-1","max-image-preview":"max-image-preview:large","max-video-preview":"max-video-preview:-1"},"canonical":"https:\/\/surgis-fruits-legumes-produits-locaux-vernouillet.fr\/accueil\/vente-sur-place-lete\/","og_locale":"fr_FR","og_type":"article","og_title":"Vente sur place ! - Famille SURGIS - Fruits et L\u00e9gumes","og_description":"Retrouvez nous l&rsquo;\u00e9t\u00e9 prochainsur la route de Vernouillet \u00e0 Marsinval, pr\u00e8s des serres.","og_url":"https:\/\/surgis-fruits-legumes-produits-locaux-vernouillet.fr\/accueil\/vente-sur-place-lete\/","og_site_name":"Famille SURGIS - Fruits et L\u00e9gumes","article_modified_time":"2025-09-12T16:27:28+00:00","og_image":[{"url":"https:\/\/surgis-fruits-legumes-produits-locaux-vernouillet.fr\/wp-content\/uploads\/2023\/01\/vente-sur-place-vernouillet-verneuil-1-1024x787.jpg"}],"twitter_misc":{"Dur\u00e9e de lecture estim\u00e9e":"1 minute"},"schema":{"@context":"https:\/\/schema.org","@graph":[{"@type":"WebPage","@id":"https:\/\/surgis-fruits-legumes-produits-locaux-vernouillet.fr\/accueil\/vente-sur-place-lete\/","url":"https:\/\/surgis-fruits-legumes-produits-locaux-vernouillet.fr\/accueil\/vente-sur-place-lete\/","name":"Vente sur place ! - Famille SURGIS - Fruits et L\u00e9gumes","isPartOf":{"@id":"https:\/\/surgis-fruits-legumes-produits-locaux-vernouillet.fr\/accueil\/#website"},"datePublished":"2023-01-26T16:10:23+00:00","dateModified":"2025-09-12T16:27:28+00:00","breadcrumb":{"@id":"https:\/\/surgis-fruits-legumes-produits-locaux-vernouillet.fr\/accueil\/vente-sur-place-lete\/#breadcrumb"},"inLanguage":"fr-FR","potentialAction":[{"@type":"ReadAction","target":["https:\/\/surgis-fruits-legumes-produits-locaux-vernouillet.fr\/accueil\/vente-sur-place-lete\/"]}]},{"@type":"BreadcrumbList","@id":"https:\/\/surgis-fruits-legumes-produits-locaux-vernouillet.fr\/accueil\/vente-sur-place-lete\/#breadcrumb","itemListElement":[{"@type":"ListItem","position":1,"name":"Accueil","item":"https:\/\/surgis-fruits-legumes-produits-locaux-vernouillet.fr\/accueil\/"},{"@type":"ListItem","position":2,"name":"Vente sur place !"}]},{"@type":"WebSite","@id":"https:\/\/surgis-fruits-legumes-produits-locaux-vernouillet.fr\/accueil\/#website","url":"https:\/\/surgis-fruits-legumes-produits-locaux-vernouillet.fr\/accueil\/","name":"Famille SURGIS - Fruits et L\u00e9gumes","description":"Retrouvez-nous sur les march\u00e9s de Verneuil et Vernouillet","potentialAction":[{"@type":"SearchAction","target":{"@type":"EntryPoint","urlTemplate":"https:\/\/surgis-fruits-legumes-produits-locaux-vernouillet.fr\/accueil\/?s={search_term_string}"},"query-input":"required name=search_term_string"}],"inLanguage":"fr-FR"}]}},"_links":{"self":[{"href":"https:\/\/surgis-fruits-legumes-produits-locaux-vernouillet.fr\/accueil\/wp-json\/wp\/v2\/pages\/112"}],"collection":[{"href":"https:\/\/surgis-fruits-legumes-produits-locaux-vernouillet.fr\/accueil\/wp-json\/wp\/v2\/pages"}],"about":[{"href":"https:\/\/surgis-fruits-legumes-produits-locaux-vernouillet.fr\/accueil\/wp-json\/wp\/v2\/types\/page"}],"author":[{"embeddable":true,"href":"https:\/\/surgis-fruits-legumes-produits-locaux-vernouillet.fr\/accueil\/wp-json\/wp\/v2\/users\/1"}],"replies":[{"embeddable":true,"href":"https:\/\/surgis-fruits-legumes-produits-locaux-vernouillet.fr\/accueil\/wp-json\/wp\/v2\/comments?post=112"}],"version-history":[{"count":9,"href":"https:\/\/surgis-fruits-legumes-produits-locaux-vernouillet.fr\/accueil\/wp-json\/wp\/v2\/pages\/112\/revisions"}],"predecessor-version":[{"id":182,"href":"https:\/\/surgis-fruits-legumes-produits-locaux-vernouillet.fr\/accueil\/wp-json\/wp\/v2\/pages\/112\/revisions\/182"}],"wp:attachment":[{"href":"https:\/\/surgis-fruits-legumes-produits-locaux-vernouillet.fr\/accueil\/wp-json\/wp\/v2\/media?parent=112"}],"curies":[{"name":"wp","href":"https:\/\/api.w.org\/{rel}","templated":true}]}}