{"id":97,"date":"2023-01-26T10:47:06","date_gmt":"2023-01-26T09:47:06","guid":{"rendered":"https:\/\/surgis-fruits-legumes-produits-locaux-vernouillet.fr\/?page_id=97"},"modified":"2023-01-26T17:29:51","modified_gmt":"2023-01-26T16:29:51","slug":"mentions-legales","status":"publish","type":"page","link":"https:\/\/surgis-fruits-legumes-produits-locaux-vernouillet.fr\/accueil\/mentions-legales\/","title":{"rendered":"Mentions L\u00e9gales"},"content":{"rendered":"\n<figure class=\"wp-block-image size-full\"><a href=\"https:\/\/surgis-fruits-legumes-produits-locaux-vernouillet.fr\/wp-content\/uploads\/2023\/01\/fraises.jpg\"><img loading=\"lazy\" width=\"276\" height=\"183\" src=\"https:\/\/surgis-fruits-legumes-produits-locaux-vernouillet.fr\/wp-content\/uploads\/2023\/01\/fraises.jpg\" alt=\"\" class=\"wp-image-127\"\/><\/a><\/figure>\n\n\n\n<p>Conform\u00e9ment aux dispositions des Articles 6-III et 19 de la Loi n\u00b02004-575 du 21 juin 2004 pour la Confiance dans l\u2019\u00e9conomie num\u00e9rique, dite L.C.E.N., il est port\u00e9 \u00e0 la connaissance des Utilisateurs du site :<br><em>\u00ab&nbsp;surgis-fruits-legumes-produits-locaux-vernouillet.fr&nbsp;\u00bb &nbsp;<\/em>&nbsp;les pr\u00e9sentes mentions l\u00e9gales.<\/p>\n\n\n\n<p>La connexion et la navigation sur le site&nbsp;<em>\u00ab surgis-fruits-legumes-produits-locaux-vernouillet.fr&nbsp;<\/em>\u00bb par l\u2019Utilisateur implique acceptation int\u00e9grale et sans r\u00e9serve des pr\u00e9sentes mentions l\u00e9gales.<\/p>\n\n\n\n<p>Ces derni\u00e8res sont accessibles sur le site \u00e0 la rubrique \u00ab Mentions l\u00e9gales \u00bb.<\/p>\n\n\n\n<p><strong>Article 1 \u2013 \u00c9diteur<\/strong><\/p>\n\n\n\n<p>L\u2019\u00e9dition du site<em>&nbsp;\u00ab&nbsp;&nbsp;surgis-fruits-legumes-produits-locaux-vernouillet.fr&nbsp;&nbsp;<\/em>\u00bb est assur\u00e9e par l\u2019EARL &nbsp;Les vergers des Epinettes &nbsp;\u00bb , immatricul\u00e9e au r\u00e9pertoire SIRET sous le num\u00e9ro&nbsp;<strong>483 509 543&nbsp;&nbsp;R.C.S.&nbsp;VERSAILLES<br><\/strong><a href=\"https:\/\/www.infogreffe.fr\/greffe-tribunal\/greffe-VERSAILLES.html\"><strong>Greffe du Tribunal de Commerce de&nbsp;VERSAILLES<\/strong><\/a>&nbsp;et dont le si\u00e8ge social est situ\u00e9 au 19 rue Aristide Briand 78540 Vernouillet<\/p>\n\n\n\n<p><strong>Nous contacter par email :<br><\/strong><a href=\"file:\/\/\/C:\/Users\/Jean-Pierre%20Grenier\/AppData\/Local\/Microsoft\/Windows\/INetCache\/Content.Outlook\/88AZQ412\/contact@preservons-le-prieure-saint-laurent-de-brueil-en-vexin.fr\"><strong>claire.surgis@gmail.com<\/strong><\/a><br><strong>Adresse Postale :&nbsp;<\/strong>Les vergers des Epinettes, 19 rue Aristide Briand 78540 Vernouillet<br><br><strong>Directrice de la publication&nbsp;<\/strong>: Claire SURGIS<\/p>\n\n\n\n<p><strong>Article 2 \u2013 H\u00e9bergeur<\/strong><\/p>\n\n\n\n<p>L\u2019h\u00e9bergement du site \u00ab&nbsp;&nbsp;<em>surgis-fruits-legumes-produits-locaux-vernouillet.fr&nbsp;<\/em>&nbsp;\u00bb est assur\u00e9 par&nbsp;<strong>LWS<\/strong>, 4 rue Galvani, 75017 PARIS, France.<br>T\u00e9l\u00e9phone : 01 77 62 30 03<\/p>\n\n\n\n<p><strong>Article 3 \u2013 Disponibilit\u00e9<\/strong><\/p>\n\n\n\n<p>Le site&nbsp;<em>\u00ab&nbsp;&nbsp;surgis-fruits-legumes-produits-locaux-vernouillet.fr&nbsp;<\/em>\u00bb est accessible par tout endroit, 7j\/7, 24h\/24 sauf en cas de force majeure ou<br>d\u2019 un \u00e9v\u00e9nement hors de contr\u00f4le sous r\u00e9serve des \u00e9ventuelles pannes et interventions de maintenance n\u00e9cessaires au bon fonctionnement du site et des mat\u00e9riels aff\u00e9rents chez l\u2019 h\u00e9bergeur LWS.<\/p>\n\n\n\n<p>En cas de modification, interruption ou suspension des services le site<br>\u00ab&nbsp;<em>&nbsp;surgis-fruits-legumes-produits-locaux-vernouillet.fr&nbsp;&nbsp;\u00bb&nbsp;<\/em>ne saurait \u00eatre tenu responsable.<\/p>\n\n\n\n<p><strong>Article 4 \u2013 Collecte des donn\u00e9es<\/strong><\/p>\n\n\n\n<p>Le site&nbsp;<em>\u00ab&nbsp;&nbsp;surgis-fruits-legumes-produits-locaux-vernouillet.fr&nbsp;&nbsp;\u00bb&nbsp;<\/em>est exempt\u00e9 de d\u00e9claration \u00e0 la Commission Nationale Informatique et Libert\u00e9s (CNIL) dans la mesure o\u00f9 il ne collecte aucune donn\u00e9e concernant les utilisateurs.<\/p>\n\n\n\n<p><strong>Article 5 \u2013 Propri\u00e9t\u00e9 intellectuelle<\/strong><\/p>\n\n\n\n<p>Toute utilisation, reproduction, diffusion, commercialisation, modification de toute ou partie du site \u00ab&nbsp;<em>surgis-fruits-legumes-produits-locaux-vernouillet.fr&nbsp;il-en-vexin.fr&nbsp;\u00bb<\/em>, sans autorisation de l\u2019Editeur est prohib\u00e9e et pourra entra\u00eener des actions et poursuites judiciaires telles que notamment pr\u00e9vues par le Code de la propri\u00e9t\u00e9 intellectuelle et le Code civil.<\/p>\n\n\n\n<p><strong>Article 6 \u2013 Responsabilit\u00e9<\/strong> Malgr\u00e9 toute notre attention port\u00e9e \u00e0 l\u2019information pr\u00e9sente sur le site \u00ab&nbsp;<em>&nbsp;surgis-fruits-legumes-produits-locaux-vernouillet.fr&nbsp;\u00bb<\/em>, nous ne pouvons, en aucun cas, \u00eatre tenus responsables \u00e0 quelque pr\u00e9judice, inconv\u00e9nient et\/ou dommage li\u00e9 directement ou indirectement \u00e0 la consultation et\/ou \u00e0 l\u2019utilisation du pr\u00e9sent site Web et\/ou de son contenu. En cas de litige, le tribunal comp\u00e9tent sera le Tribunal de Commerce de Versailles<\/p>\n","protected":false},"excerpt":{"rendered":"<p>Conform\u00e9ment aux dispositions des Articles 6-III et 19 de la Loi n\u00b02004-575 du 21 juin 2004 pour la Confiance dans l\u2019\u00e9conomie num\u00e9rique, dite L.C.E.N., il est port\u00e9 \u00e0 la connaissance des Utilisateurs du site :\u00ab&nbsp;surgis-fruits-legumes-produits-locaux-vernouillet.fr&nbsp;\u00bb &nbsp;&nbsp;les pr\u00e9sentes mentions l\u00e9gales. La connexion et la navigation sur le site&nbsp;\u00ab surgis-fruits-legumes-produits-locaux-vernouillet.fr&nbsp;\u00bb par l\u2019Utilisateur implique acceptation int\u00e9grale et sans [&hellip;]<\/p>\n","protected":false},"author":1,"featured_media":0,"parent":0,"menu_order":0,"comment_status":"closed","ping_status":"closed","template":"","meta":[],"yoast_head":"<!-- This site is optimized with the Yoast SEO plugin v19.7.1 - https:\/\/yoast.com\/wordpress\/plugins\/seo\/ -->\n<title>Mentions L\u00e9gales - Famille SURGIS - Fruits et L\u00e9gumes<\/title>\n<meta name=\"robots\" content=\"index, follow, max-snippet:-1, max-image-preview:large, max-video-preview:-1\" \/>\n<link rel=\"canonical\" href=\"https:\/\/surgis-fruits-legumes-produits-locaux-vernouillet.fr\/accueil\/mentions-legales\/\" \/>\n<meta property=\"og:locale\" content=\"fr_FR\" \/>\n<meta property=\"og:type\" content=\"article\" \/>\n<meta property=\"og:title\" content=\"Mentions L\u00e9gales - Famille SURGIS - Fruits et L\u00e9gumes\" \/>\n<meta property=\"og:description\" content=\"Conform\u00e9ment aux dispositions des Articles 6-III et 19 de la Loi n\u00b02004-575 du 21 juin 2004 pour la Confiance dans l\u2019\u00e9conomie num\u00e9rique, dite L.C.E.N., il est port\u00e9 \u00e0 la connaissance des Utilisateurs du site :\u00ab&nbsp;surgis-fruits-legumes-produits-locaux-vernouillet.fr&nbsp;\u00bb &nbsp;&nbsp;les pr\u00e9sentes mentions l\u00e9gales. La connexion et la navigation sur le site&nbsp;\u00ab surgis-fruits-legumes-produits-locaux-vernouillet.fr&nbsp;\u00bb par l\u2019Utilisateur implique acceptation int\u00e9grale et sans [&hellip;]\" \/>\n<meta property=\"og:url\" content=\"https:\/\/surgis-fruits-legumes-produits-locaux-vernouillet.fr\/accueil\/mentions-legales\/\" \/>\n<meta property=\"og:site_name\" content=\"Famille SURGIS - Fruits et L\u00e9gumes\" \/>\n<meta property=\"article:modified_time\" content=\"2023-01-26T16:29:51+00:00\" \/>\n<meta property=\"og:image\" content=\"https:\/\/surgis-fruits-legumes-produits-locaux-vernouillet.fr\/wp-content\/uploads\/2023\/01\/fraises.jpg\" \/>\n<meta name=\"twitter:label1\" content=\"Dur\u00e9e de lecture estim\u00e9e\" \/>\n\t<meta name=\"twitter:data1\" content=\"3 minutes\" \/>\n<script type=\"application\/ld+json\" class=\"yoast-schema-graph\">{\"@context\":\"https:\/\/schema.org\",\"@graph\":[{\"@type\":\"WebPage\",\"@id\":\"https:\/\/surgis-fruits-legumes-produits-locaux-vernouillet.fr\/accueil\/mentions-legales\/\",\"url\":\"https:\/\/surgis-fruits-legumes-produits-locaux-vernouillet.fr\/accueil\/mentions-legales\/\",\"name\":\"Mentions L\u00e9gales - Famille SURGIS - Fruits et L\u00e9gumes\",\"isPartOf\":{\"@id\":\"https:\/\/surgis-fruits-legumes-produits-locaux-vernouillet.fr\/accueil\/#website\"},\"datePublished\":\"2023-01-26T09:47:06+00:00\",\"dateModified\":\"2023-01-26T16:29:51+00:00\",\"breadcrumb\":{\"@id\":\"https:\/\/surgis-fruits-legumes-produits-locaux-vernouillet.fr\/accueil\/mentions-legales\/#breadcrumb\"},\"inLanguage\":\"fr-FR\",\"potentialAction\":[{\"@type\":\"ReadAction\",\"target\":[\"https:\/\/surgis-fruits-legumes-produits-locaux-vernouillet.fr\/accueil\/mentions-legales\/\"]}]},{\"@type\":\"BreadcrumbList\",\"@id\":\"https:\/\/surgis-fruits-legumes-produits-locaux-vernouillet.fr\/accueil\/mentions-legales\/#breadcrumb\",\"itemListElement\":[{\"@type\":\"ListItem\",\"position\":1,\"name\":\"Accueil\",\"item\":\"https:\/\/surgis-fruits-legumes-produits-locaux-vernouillet.fr\/accueil\/\"},{\"@type\":\"ListItem\",\"position\":2,\"name\":\"Mentions L\u00e9gales\"}]},{\"@type\":\"WebSite\",\"@id\":\"https:\/\/surgis-fruits-legumes-produits-locaux-vernouillet.fr\/accueil\/#website\",\"url\":\"https:\/\/surgis-fruits-legumes-produits-locaux-vernouillet.fr\/accueil\/\",\"name\":\"Famille SURGIS - Fruits et L\u00e9gumes\",\"description\":\"Retrouvez-nous sur les march\u00e9s de Verneuil et Vernouillet\",\"potentialAction\":[{\"@type\":\"SearchAction\",\"target\":{\"@type\":\"EntryPoint\",\"urlTemplate\":\"https:\/\/surgis-fruits-legumes-produits-locaux-vernouillet.fr\/accueil\/?s={search_term_string}\"},\"query-input\":\"required name=search_term_string\"}],\"inLanguage\":\"fr-FR\"}]}<\/script>\n<!-- \/ Yoast SEO plugin. -->","yoast_head_json":{"title":"Mentions L\u00e9gales - Famille SURGIS - Fruits et L\u00e9gumes","robots":{"index":"index","follow":"follow","max-snippet":"max-snippet:-1","max-image-preview":"max-image-preview:large","max-video-preview":"max-video-preview:-1"},"canonical":"https:\/\/surgis-fruits-legumes-produits-locaux-vernouillet.fr\/accueil\/mentions-legales\/","og_locale":"fr_FR","og_type":"article","og_title":"Mentions L\u00e9gales - Famille SURGIS - Fruits et L\u00e9gumes","og_description":"Conform\u00e9ment aux dispositions des Articles 6-III et 19 de la Loi n\u00b02004-575 du 21 juin 2004 pour la Confiance dans l\u2019\u00e9conomie num\u00e9rique, dite L.C.E.N., il est port\u00e9 \u00e0 la connaissance des Utilisateurs du site :\u00ab&nbsp;surgis-fruits-legumes-produits-locaux-vernouillet.fr&nbsp;\u00bb &nbsp;&nbsp;les pr\u00e9sentes mentions l\u00e9gales. La connexion et la navigation sur le site&nbsp;\u00ab surgis-fruits-legumes-produits-locaux-vernouillet.fr&nbsp;\u00bb par l\u2019Utilisateur implique acceptation int\u00e9grale et sans [&hellip;]","og_url":"https:\/\/surgis-fruits-legumes-produits-locaux-vernouillet.fr\/accueil\/mentions-legales\/","og_site_name":"Famille SURGIS - Fruits et L\u00e9gumes","article_modified_time":"2023-01-26T16:29:51+00:00","og_image":[{"url":"https:\/\/surgis-fruits-legumes-produits-locaux-vernouillet.fr\/wp-content\/uploads\/2023\/01\/fraises.jpg"}],"twitter_misc":{"Dur\u00e9e de lecture estim\u00e9e":"3 minutes"},"schema":{"@context":"https:\/\/schema.org","@graph":[{"@type":"WebPage","@id":"https:\/\/surgis-fruits-legumes-produits-locaux-vernouillet.fr\/accueil\/mentions-legales\/","url":"https:\/\/surgis-fruits-legumes-produits-locaux-vernouillet.fr\/accueil\/mentions-legales\/","name":"Mentions L\u00e9gales - Famille SURGIS - Fruits et L\u00e9gumes","isPartOf":{"@id":"https:\/\/surgis-fruits-legumes-produits-locaux-vernouillet.fr\/accueil\/#website"},"datePublished":"2023-01-26T09:47:06+00:00","dateModified":"2023-01-26T16:29:51+00:00","breadcrumb":{"@id":"https:\/\/surgis-fruits-legumes-produits-locaux-vernouillet.fr\/accueil\/mentions-legales\/#breadcrumb"},"inLanguage":"fr-FR","potentialAction":[{"@type":"ReadAction","target":["https:\/\/surgis-fruits-legumes-produits-locaux-vernouillet.fr\/accueil\/mentions-legales\/"]}]},{"@type":"BreadcrumbList","@id":"https:\/\/surgis-fruits-legumes-produits-locaux-vernouillet.fr\/accueil\/mentions-legales\/#breadcrumb","itemListElement":[{"@type":"ListItem","position":1,"name":"Accueil","item":"https:\/\/surgis-fruits-legumes-produits-locaux-vernouillet.fr\/accueil\/"},{"@type":"ListItem","position":2,"name":"Mentions L\u00e9gales"}]},{"@type":"WebSite","@id":"https:\/\/surgis-fruits-legumes-produits-locaux-vernouillet.fr\/accueil\/#website","url":"https:\/\/surgis-fruits-legumes-produits-locaux-vernouillet.fr\/accueil\/","name":"Famille SURGIS - Fruits et L\u00e9gumes","description":"Retrouvez-nous sur les march\u00e9s de Verneuil et Vernouillet","potentialAction":[{"@type":"SearchAction","target":{"@type":"EntryPoint","urlTemplate":"https:\/\/surgis-fruits-legumes-produits-locaux-vernouillet.fr\/accueil\/?s={search_term_string}"},"query-input":"required name=search_term_string"}],"inLanguage":"fr-FR"}]}},"_links":{"self":[{"href":"https:\/\/surgis-fruits-legumes-produits-locaux-vernouillet.fr\/accueil\/wp-json\/wp\/v2\/pages\/97"}],"collection":[{"href":"https:\/\/surgis-fruits-legumes-produits-locaux-vernouillet.fr\/accueil\/wp-json\/wp\/v2\/pages"}],"about":[{"href":"https:\/\/surgis-fruits-legumes-produits-locaux-vernouillet.fr\/accueil\/wp-json\/wp\/v2\/types\/page"}],"author":[{"embeddable":true,"href":"https:\/\/surgis-fruits-legumes-produits-locaux-vernouillet.fr\/accueil\/wp-json\/wp\/v2\/users\/1"}],"replies":[{"embeddable":true,"href":"https:\/\/surgis-fruits-legumes-produits-locaux-vernouillet.fr\/accueil\/wp-json\/wp\/v2\/comments?post=97"}],"version-history":[{"count":2,"href":"https:\/\/surgis-fruits-legumes-produits-locaux-vernouillet.fr\/accueil\/wp-json\/wp\/v2\/pages\/97\/revisions"}],"predecessor-version":[{"id":128,"href":"https:\/\/surgis-fruits-legumes-produits-locaux-vernouillet.fr\/accueil\/wp-json\/wp\/v2\/pages\/97\/revisions\/128"}],"wp:attachment":[{"href":"https:\/\/surgis-fruits-legumes-produits-locaux-vernouillet.fr\/accueil\/wp-json\/wp\/v2\/media?parent=97"}],"curies":[{"name":"wp","href":"https:\/\/api.w.org\/{rel}","templated":true}]}}